{"id":441,"date":"2021-02-03T15:24:48","date_gmt":"2021-02-03T14:24:48","guid":{"rendered":"http:\/\/hotellsyfabriken.staging.bravoadmin.se\/?page_id=441"},"modified":"2021-04-08T16:41:14","modified_gmt":"2021-04-08T14:41:14","slug":"miljo-och-hallbarhet","status":"publish","type":"page","link":"https:\/\/hotellsyfabriken.se\/en\/miljo-och-hallbarhet\/","title":{"rendered":"Milj\u00f6 &#038; H\u00e5llbarhet"},"content":{"rendered":"<h1>MILJ\u00d6 OCH H\u00c5LLBARHET<\/h1>\n<p>P\u00e5 Hotell Syfabriken arbetar vi f\u00f6r att fr\u00e4mja en h\u00e5llbar utveckling i samh\u00e4llet.<\/p>\n<p>Vi str\u00e4var efter att erbjuda produkter och tj\u00e4nster som med bibeh\u00e5llen kvalitet har producerats med minsta m\u00f6jliga milj\u00f6p\u00e5verkan.<\/p>\n<h3>V\u00c5RA M\u00c5LS\u00c4TTNINGAR \u00e4r<\/h3>\n<h3>V\u00e5rt h\u00e5llbarhetsarbete ska ing\u00e5 som en naturlig del i v\u00e5rt dagliga arbete.<\/h3>\n<h3>Vi arbetar b\u00e5de med l\u00e5ngsiktiga och direkta insatser f\u00f6r att minska v\u00e5rt klimatavtryck och vi st\u00e4var efter att kontinuerligt f\u00f6rb\u00e4ttra och utveckla v\u00e5rt h\u00e5llbarhetsarbete.<\/h3>\n<h3><\/h3>\n<h3>RESTAURANG OCH K\u00d6K<\/h3>\n<p>N\u00e4r vi lagar mat och dukar upp i restaurangen s\u00e4tter vi h\u00e5llbarhet i fokus genom att:<\/p>\n<ul>\n<li>Vi arbetar kontinuerligt f\u00f6r att minska v\u00e5rt matsvinn.<\/li>\n<li>Vi erbjuder mestadels vegetariskt kost.<\/li>\n<li>Vi v\u00e4ljer alltid r\u00e5varor efter s\u00e4song.<\/li>\n<li>Vid val av r\u00e5varu- och dryckesleverant\u00f6rer premierar vi n\u00e4rodlat och svenskproducerat.<\/li>\n<li>V\u00e5rt m\u00e5l \u00e4r att anv\u00e4nda s\u00e5 stor m\u00e4ngd av r\u00e5varan som m\u00f6jligt, samt att anv\u00e4nda upp alla matink\u00f6p f\u00f6r att minska mat- och energisvinn.<\/li>\n<li>Vi har valt bort bordslinne f\u00f6r att minska m\u00e4ngden tv\u00e4tt.<\/li>\n<li>Vi arbetar f\u00f6r att minska v\u00e5r vattenf\u00f6rbrukning, genom att minska m\u00e4ngden disk.<\/li>\n<\/ul>\n<p>&nbsp;<\/p>\n<h3>HOUSEKEEPING<\/h3>\n<p>Vi har tagit ett viktigt h\u00e5llberhetsinitiativ. D\u00e4r du som enskild g\u00e4st ges st\u00f6rre m\u00f6jlighet att sj\u00e4lv p\u00e5verka ditt klimatavtryck under din vistelse.<\/p>\n<p>Genom att sluta st\u00e4da rum som egentligen inte beh\u00f6ver st\u00e4das sparar vi tillsammans v\u00e5r milj\u00f6.<\/p>\n<p>F\u00f6r dig som bor hos oss l\u00e4ngre \u00e4n en natt inneb\u00e4r det att vi inte st\u00e4dar ditt rum per automatik.<\/p>\n<p>Men om du vill att vi st\u00e4dar s\u00e5 g\u00f6r vi sj\u00e4lvklart det. Det kostar inget extra, v\u00e4nligen kontakta personalen.<\/p>\n<p>I v\u00e5r housekeeping tar vi ocks\u00e5 ansvar f\u00f6r v\u00e5ra g\u00e4ster, medarbetare och milj\u00f6 genom att:<\/p>\n<ul>\n<li>Vi str\u00e4var efter att anv\u00e4nda parfymfria produkter f\u00f6r att tv\u00e4tta s\u00e4ngkl\u00e4der, t\u00e4cken, kuddar och handdukar samt arbeta f\u00f6r att erbjuda rumsprodukter som \u00e4r milj\u00f6v\u00e4nliga, utan allergener och utan parabener.<\/li>\n<li>100 % av v\u00e5ra tv\u00e4tt- och diskmedel \u00e4r milj\u00f6m\u00e4rkta. 95 % av v\u00e5rt st\u00e4dmedel \u00e4r milj\u00f6m\u00e4rkt.<\/li>\n<li>Vi ser ocks\u00e5 till att inte anv\u00e4nda mer produkter \u00e4n n\u00f6dv\u00e4ndigt. Det minskar b\u00e5de v\u00e5r p\u00e5verkan p\u00e5 milj\u00f6n och p\u00e5 de m\u00e4nniskor som anv\u00e4nder kemikalierna.<\/li>\n<li>N\u00e4r det g\u00e4ller energi gillar f\u00f6rs\u00f6ker vi vara sparsamma. D\u00e4rf\u00f6r uppmanar vi till exempel v\u00e5ra g\u00e4ster att anv\u00e4nda sin handduk fler \u00e4n en g\u00e5ng.<\/li>\n<\/ul>\n<p>&nbsp;<\/p>\n<h3>AVFALLSHANTERING<\/h3>\n<p>Vi jobbar f\u00f6r att minska m\u00e4ngden avfall, samt att \u00e5tervinna och \u00e5teranv\u00e4nda s\u00e5 mycket som m\u00f6jligt. Exempel p\u00e5 \u00e5tg\u00e4rder vi genomf\u00f6rt inom avfallshantering \u00e4r:<\/p>\n<ul>\n<li>Vi k\u00e4llsorterar allt v\u00e5rt avfall efter: glas, metall, organiskt avfall, papper, papp, h\u00e5rd plast, mjuk plast.<\/li>\n<li>Avfallsk\u00e4rl med fack efter sortering finns i alla konferenslokaler och hotellrum.<\/li>\n<li>Vi prioriterar anv\u00e4ndningen av bionedbrytbara eng\u00e5ngsartiklar och fasar ut plastartiklar. Vi anv\u00e4nder inga eng\u00e5ngsplastmuggar.<\/li>\n<li>Vi byter ut alla v\u00e5ra gl\u00f6dlampor till LED-ljus.<\/li>\n<\/ul>\n<p>&nbsp;<\/p>\n<h3>INK\u00d6P<\/h3>\n<p>Vi st\u00e4ller alltid krav och unders\u00f6ker milj\u00f6v\u00e4nliga alternativ vid kontakt med leverant\u00f6rer.<\/p>\n<ul>\n<li>Vi str\u00e4ver efter att alla v\u00e5ra leverant\u00f6rer skall vara milj\u00f6certifierade.<\/li>\n<li>Vi k\u00f6per milj\u00f6v\u00e4nliga kontorsmaterial i s\u00e5 stor utstr\u00e4ckning som m\u00f6jligt.<\/li>\n<li>Alla v\u00e5ra trycksaker kommer fr\u00e5n milj\u00f6m\u00e4rkta tryckerier. Vi minskar \u00e4ven m\u00e4ngden tryckt material och utnyttjar i st\u00f6rre utstr\u00e4ckning digitala l\u00f6sningar.<\/li>\n<\/ul>\n<p>&nbsp;<\/p>\n<h3>RESOR OCH TRANSPORT<\/h3>\n<p>Vi fr\u00e4mjar h\u00e5llbart resande till oss genom att:<\/p>\n<ul>\n<li>Erbjuda laddningsstationer f\u00f6r elbilar.<\/li>\n<li>Vi informerar och ber\u00e4ttar om m\u00f6jligheten att resa kollektivt till oss med buss och t\u00e5g.<\/li>\n<li>Vi premierar lokala leverant\u00f6rer och n\u00e4rproducerade r\u00e5varor f\u00f6r att minska transportstr\u00e4ckor.<\/li>\n<\/ul>\n<h3><\/h3>\n<h3><strong>LADDA DIN ELBIL<\/strong><\/h3>\n<p>P\u00e5 baksidan av Hotell Syfabriken finns semisnabba laddstolpar f\u00f6r dig som har el- eller hybridbil.<\/p>\n<p>Varje stolpe har tv\u00e5 uttag, totalt finns m\u00f6jlighet att ladda fyra bilar samtidigt och du laddar enkelt med en Typ 2-kabel. Elen i laddstolparna \u00e4r m\u00e4rkt med Bra Milj\u00f6val.<\/p>\n<p><strong>Betalning<\/strong><\/p>\n<p>Du betalar f\u00f6r din laddning via betalsystemet Park &amp; Charge. Det finns tv\u00e5 s\u00e4tt att betala, per kWh med m\u00e5nadsfaktura eller per timme med ditt bankkort. Vill du betala med ditt bankkort f\u00f6ljer du enkelt instruktionerna p\u00e5 laddstolpen.<\/p>\n<h4>Pris;<\/h4>\n<p>2,50 kr\/kWh med m\u00e5nadsfaktura eller 2 kr\/minut vid direktbetalning med kort.<\/p>\n<p>&nbsp;<\/p>\n<h3>SOCIAL H\u00c5LLBARHET<\/h3>\n<p>Vi arbetar f\u00f6r att skapa en h\u00e5llbar arbetsmilj\u00f6 f\u00f6r v\u00e5ra anst\u00e4llda genom flera olika insatser:<\/p>\n<ul>\n<li>Ett systematiskt arbetsmilj\u00f6arbete vilket inneb\u00e4r att vi har fokus p\u00e5 h\u00e4lsofr\u00e4mjande insatser och att vi arbetar processinriktat och systematiskt med arbetsmilj\u00f6, rehabilitering och kompetensutveckling f\u00f6r all v\u00e5r personal.<\/li>\n<li>Friskv\u00e5rdsbidrag till anst\u00e4llda.<\/li>\n<li>Arbetstrygghet genom kollektivavtal.<\/li>\n<li>Nolltolerans mot kr\u00e4nkningar och trakasserier.<\/li>\n<li>\u00d6kad medvetenhet om v\u00e5rt h\u00e5llbarhetsansvar bland personalen.<\/li>\n<\/ul>\n<p>&nbsp;<\/p>","protected":false},"excerpt":{"rendered":"<p>MILJ\u00d6 OCH H\u00c5LLBARHET P\u00e5 Hotell Syfabriken arbetar vi f\u00f6r att [&hellip;]<\/p>","protected":false},"author":3,"featured_media":442,"parent":0,"menu_order":0,"comment_status":"closed","ping_status":"closed","template":"","meta":[],"yoast_head":"<!-- This site is optimized with the Yoast SEO plugin v15.7 - https:\/\/yoast.com\/wordpress\/plugins\/seo\/ -->\n<title>Milj\u00f6 &amp; H\u00e5llbarhet - Hotell Syfabriken<\/title>\n<meta name=\"robots\" content=\"index, follow, max-snippet:-1, max-image-preview:large, max-video-preview:-1\" \/>\n<link rel=\"canonical\" href=\"https:\/\/hotellsyfabriken.se\/en\/miljo-och-hallbarhet\/\" \/>\n<meta property=\"og:locale\" content=\"en_GB\" \/>\n<meta property=\"og:type\" content=\"article\" \/>\n<meta property=\"og:title\" content=\"Milj\u00f6 &amp; H\u00e5llbarhet - Hotell Syfabriken\" \/>\n<meta property=\"og:description\" content=\"MILJ\u00d6 OCH H\u00c5LLBARHET P\u00e5 Hotell Syfabriken arbetar vi f\u00f6r att [&hellip;]\" \/>\n<meta property=\"og:url\" content=\"https:\/\/hotellsyfabriken.se\/en\/miljo-och-hallbarhet\/\" \/>\n<meta property=\"og:site_name\" content=\"Hotell Syfabriken\" \/>\n<meta property=\"article:modified_time\" content=\"2021-04-08T14:41:14+00:00\" \/>\n<meta property=\"og:image\" content=\"https:\/\/hotellsyfabriken.se\/content\/uploads\/2021\/02\/lampa-scaled.jpg\" \/>\n\t<meta property=\"og:image:width\" content=\"2560\" \/>\n\t<meta property=\"og:image:height\" content=\"1706\" \/>\n<meta name=\"twitter:card\" content=\"summary_large_image\" \/>\n<meta name=\"twitter:label1\" content=\"Est. reading time\">\n\t<meta name=\"twitter:data1\" content=\"4 minutes\">\n<script type=\"application\/ld+json\" class=\"yoast-schema-graph\">{\"@context\":\"https:\/\/schema.org\",\"@graph\":[{\"@type\":\"WebSite\",\"@id\":\"https:\/\/hotellsyfabriken.se\/en\/#website\",\"url\":\"https:\/\/hotellsyfabriken.se\/en\/\",\"name\":\"Hotell Syfabriken\",\"description\":\"\",\"potentialAction\":[{\"@type\":\"SearchAction\",\"target\":\"https:\/\/hotellsyfabriken.se\/en\/?s={search_term_string}\",\"query-input\":\"required name=search_term_string\"}],\"inLanguage\":\"en-GB\"},{\"@type\":\"ImageObject\",\"@id\":\"https:\/\/hotellsyfabriken.se\/miljo-och-hallbarhet\/#primaryimage\",\"inLanguage\":\"en-GB\",\"url\":\"\/content\/uploads\/2021\/02\/lampa-scaled.jpg\",\"width\":2560,\"height\":1706},{\"@type\":\"WebPage\",\"@id\":\"https:\/\/hotellsyfabriken.se\/miljo-och-hallbarhet\/#webpage\",\"url\":\"https:\/\/hotellsyfabriken.se\/miljo-och-hallbarhet\/\",\"name\":\"Milj\\u00f6 & H\\u00e5llbarhet - Hotell Syfabriken\",\"isPartOf\":{\"@id\":\"https:\/\/hotellsyfabriken.se\/en\/#website\"},\"primaryImageOfPage\":{\"@id\":\"https:\/\/hotellsyfabriken.se\/miljo-och-hallbarhet\/#primaryimage\"},\"datePublished\":\"2021-02-03T14:24:48+00:00\",\"dateModified\":\"2021-04-08T14:41:14+00:00\",\"inLanguage\":\"en-GB\",\"potentialAction\":[{\"@type\":\"ReadAction\",\"target\":[\"https:\/\/hotellsyfabriken.se\/miljo-och-hallbarhet\/\"]}]}]}<\/script>\n<!-- \/ Yoast SEO plugin. -->","_links":{"self":[{"href":"https:\/\/hotellsyfabriken.se\/en\/wp-json\/wp\/v2\/pages\/441"}],"collection":[{"href":"https:\/\/hotellsyfabriken.se\/en\/wp-json\/wp\/v2\/pages"}],"about":[{"href":"https:\/\/hotellsyfabriken.se\/en\/wp-json\/wp\/v2\/types\/page"}],"author":[{"embeddable":true,"href":"https:\/\/hotellsyfabriken.se\/en\/wp-json\/wp\/v2\/users\/3"}],"replies":[{"embeddable":true,"href":"https:\/\/hotellsyfabriken.se\/en\/wp-json\/wp\/v2\/comments?post=441"}],"version-history":[{"count":5,"href":"https:\/\/hotellsyfabriken.se\/en\/wp-json\/wp\/v2\/pages\/441\/revisions"}],"predecessor-version":[{"id":453,"href":"https:\/\/hotellsyfabriken.se\/en\/wp-json\/wp\/v2\/pages\/441\/revisions\/453"}],"wp:featuredmedia":[{"embeddable":true,"href":"https:\/\/hotellsyfabriken.se\/en\/wp-json\/wp\/v2\/media\/442"}],"wp:attachment":[{"href":"https:\/\/hotellsyfabriken.se\/en\/wp-json\/wp\/v2\/media?parent=441"}],"curies":[{"name":"wp","href":"https:\/\/api.w.org\/{rel}","templated":true}]}}